{"id":1815,"date":"2020-01-14T10:29:48","date_gmt":"2020-01-14T10:29:48","guid":{"rendered":"http:\/\/www.christine-prause.de\/blog\/?page_id=1815"},"modified":"2025-11-26T19:03:43","modified_gmt":"2025-11-26T17:03:43","slug":"impressum","status":"publish","type":"page","link":"https:\/\/www.christine-prause.de\/blog\/?page_id=1815","title":{"rendered":"Impressum"},"content":{"rendered":"<p>Inhaber der Domain und verantwortlich f\u00fcr den Inhalt dieser Seite gem\u00e4\u00df \u00a77 TMG: Christine Prause, siehe Kontakt<\/p>\n<p>Urheberrecht<br \/>\nS\u00e4mtliche auf dieser Internetseite abgebildeten Inhalte und Kunstwerke unterliegen dem deutschen Urheberrecht und sind nur zur pers\u00f6nlichen Information bestimmt. Die Vervielf\u00e4ltigung oder Bearbeitung, Verbreitung und jede Art der Verwertung der Kunstwerke, Texte und Fotos dieser Seite au\u00dferhalb der Grenzen des Urheber-rechtes in elektronischen oder gedruckten Publikationen ist ohne ausdr\u00fcckliche schriftliche Zustimmung der Autorinnen, Fotografen sowie von Christine Prause nicht gestattet.<\/p>\n<p>\u00a9 Christine Prause \/ VG-Bildkunst, Bonn 2024<br \/>\n\u00a9 Fotos: Galerie Baumgarte, Dirk Rose, Werner Rose, Christine Prause<br \/>\n\u00a9 Texte:<br \/>\n\u00a9 Gestaltung mit WordPress: Dirk Rose<\/p>\n<p>Haftungshinweis<br \/>\nMeine Internetseite enth\u00e4lt Links zu externen Webseiten Dritter, auf deren Inhalte ich keinen Einfluss habe. Deshalb kann ich f\u00fcr diese fremden Inhalte auch keine Gew\u00e4hr \u00fcbernehmen. F\u00fcr die Inhalte der verlinkten Seiten ist stets der jeweilige Anbieter oder Betreiber der Seiten verantwortlich. Bei Bekanntwerden von Rechtsverletzungen werde ich derartige Links umgehend entfernen.<\/p>\n<p>Datenschutzerkl\u00e4rung<br \/>\nDie Nutzung dieser Webseite ist ohne Angabe personenbezogener Daten m\u00f6glich.<br \/>\nDiese Webseite verwendet keine Cookies.<br \/>\nBeim Aufrufen von christine-prause.de werden durch den auf Ihrem Endger\u00e4t zum Einsatz kommenden Browser automatisch Informationen an den Webserver gesendet. Die folgenden Zugriffsinformationen werden tempor\u00e4r in einem sog. Logfile bis zur automatisierten L\u00f6schung gespeichert: IP-Adresse des anfragenden Rechners, Datum und Uhrzeit der Serveranfrage, aufgerufene URL, Websites, die von Ihrem System \u00fcber unsere Website aufgerufen werden, verwendeter Browser und Browserversion Referer-URL.<br \/>\nDie genannten Daten sind keine personenbezogenen Daten. Es ist mir nicht m\u00f6glich, die erfassten Daten einer bestimmten nat\u00fcrlichen Person zuzuordnen. S\u00e4mtliche dieser Angaben werden von mir ausschlie\u00dflich zur Gew\u00e4hrleistung eines reibungslosen Verbindungsaufbaus, einer komfortablen Nutzung der Website und zur Optimierung der Systemsicherheit und -stabilit\u00e4t ben\u00f6tigt. Eine \u00dcbermittlung Ihrer pers\u00f6nlichen Daten an Dritte oder eine Verkn\u00fcpfung mit anderen Datenverarbeitungen findet durch mich nicht statt. Die Daten werden ebenfalls in den Logfiles meines Systems gespeichert. Nicht hiervon betroffen sind Ihre IP-Adresse, da diese nur anonymisiert gespeichert wird oder andere Daten, die die Zuordnung der Daten zu einem individuellen Nutzer erm\u00f6glichen. Die beim Besuch der Internetseite verarbeiteten Daten werden gel\u00f6scht, sobald der Zweck Ihrer Erhebung entf\u00e4llt. Dies ist der Fall, wenn die jeweilige Sitzung beendet ist. Die (anonymisierten) IP-Adressen, die in Logfiles gespeichert werden, werden nach einem Jahr gel\u00f6scht.<\/p>\n","protected":false},"excerpt":{"rendered":"<p>Inhaber der Domain und verantwortlich f\u00fcr den Inhalt dieser Seite gem\u00e4\u00df \u00a77 TMG: Christine Prause, siehe Kontakt Urheberrecht S\u00e4mtliche auf dieser Internetseite abgebildeten Inhalte und Kunstwerke unterliegen dem deutschen Urheberrecht und sind nur zur pers\u00f6nlichen Information bestimmt. Die Vervielf\u00e4ltigung oder &hellip; <a href=\"https:\/\/www.christine-prause.de\/blog\/?page_id=1815\">Weiterlesen <span class=\"meta-nav\">&rarr;<\/span><\/a><\/p>\n","protected":false},"author":1,"featured_media":0,"parent":518,"menu_order":1,"comment_status":"closed","ping_status":"closed","template":"","meta":{"footnotes":""},"class_list":["post-1815","page","type-page","status-publish","hentry"],"_links":{"self":[{"href":"https:\/\/www.christine-prause.de\/blog\/index.php?rest_route=\/wp\/v2\/pages\/1815","targetHints":{"allow":["GET"]}}],"collection":[{"href":"https:\/\/www.christine-prause.de\/blog\/index.php?rest_route=\/wp\/v2\/pages"}],"about":[{"href":"https:\/\/www.christine-prause.de\/blog\/index.php?rest_route=\/wp\/v2\/types\/page"}],"author":[{"embeddable":true,"href":"https:\/\/www.christine-prause.de\/blog\/index.php?rest_route=\/wp\/v2\/users\/1"}],"replies":[{"embeddable":true,"href":"https:\/\/www.christine-prause.de\/blog\/index.php?rest_route=%2Fwp%2Fv2%2Fcomments&post=1815"}],"version-history":[{"count":21,"href":"https:\/\/www.christine-prause.de\/blog\/index.php?rest_route=\/wp\/v2\/pages\/1815\/revisions"}],"predecessor-version":[{"id":3568,"href":"https:\/\/www.christine-prause.de\/blog\/index.php?rest_route=\/wp\/v2\/pages\/1815\/revisions\/3568"}],"up":[{"embeddable":true,"href":"https:\/\/www.christine-prause.de\/blog\/index.php?rest_route=\/wp\/v2\/pages\/518"}],"wp:attachment":[{"href":"https:\/\/www.christine-prause.de\/blog\/index.php?rest_route=%2Fwp%2Fv2%2Fmedia&parent=1815"}],"curies":[{"name":"wp","href":"https:\/\/api.w.org\/{rel}","templated":true}]}}