{"id":3425,"date":"2025-02-18T18:47:13","date_gmt":"2025-02-18T18:47:13","guid":{"rendered":"http:\/\/www.christine-prause.de\/blog\/?page_id=3425"},"modified":"2025-02-18T20:53:28","modified_gmt":"2025-02-18T20:53:28","slug":"auszeichnungen","status":"publish","type":"page","link":"https:\/\/www.christine-prause.de\/blog\/?page_id=3425","title":{"rendered":"Auszeichnungen"},"content":{"rendered":"<p>1976\u00a0 Meistersch\u00fclerin von Professor Karl Bobek<br \/>\n1978\u00a0 Ernst-Poensgen-Stiftung D\u00fcsseldorf, Reisestipendium f\u00fcr Italien<br \/>\n1987-89\u00a0 Institut f\u00fcr Lippische Landeskunde Detmold, Schwalenberg-Stipendium<br \/>\n1989\u00a0 Darmst\u00e4dter Sezession, F\u00f6rderpreis<br \/>\n1991\u00a0 NEC-Kunstwettbewerb, Entwurf f\u00fcr ein monumentales Wandbild des Neuen M\u00fcnchner Flughafens, Nominierung<br \/>\n1995\u00a0 Westhyp-Stiftung Dortmund, Lithografie-Stipendium f\u00fcr die Kunstdruckerei K\u00e4telh\u00f6n in Wamel-M\u00f6hnesee<\/p>\n","protected":false},"excerpt":{"rendered":"<p>1976\u00a0 Meistersch\u00fclerin von Professor Karl Bobek 1978\u00a0 Ernst-Poensgen-Stiftung D\u00fcsseldorf, Reisestipendium f\u00fcr Italien 1987-89\u00a0 Institut f\u00fcr Lippische Landeskunde Detmold, Schwalenberg-Stipendium 1989\u00a0 Darmst\u00e4dter Sezession, F\u00f6rderpreis 1991\u00a0 NEC-Kunstwettbewerb, Entwurf f\u00fcr ein monumentales Wandbild des Neuen M\u00fcnchner Flughafens, Nominierung 1995\u00a0 Westhyp-Stiftung Dortmund, Lithografie-Stipendium f\u00fcr &hellip; <a href=\"https:\/\/www.christine-prause.de\/blog\/?page_id=3425\">Weiterlesen <span class=\"meta-nav\">&rarr;<\/span><\/a><\/p>\n","protected":false},"author":1,"featured_media":0,"parent":2121,"menu_order":2,"comment_status":"closed","ping_status":"closed","template":"","meta":{"footnotes":""},"class_list":["post-3425","page","type-page","status-publish","hentry"],"_links":{"self":[{"href":"https:\/\/www.christine-prause.de\/blog\/index.php?rest_route=\/wp\/v2\/pages\/3425","targetHints":{"allow":["GET"]}}],"collection":[{"href":"https:\/\/www.christine-prause.de\/blog\/index.php?rest_route=\/wp\/v2\/pages"}],"about":[{"href":"https:\/\/www.christine-prause.de\/blog\/index.php?rest_route=\/wp\/v2\/types\/page"}],"author":[{"embeddable":true,"href":"https:\/\/www.christine-prause.de\/blog\/index.php?rest_route=\/wp\/v2\/users\/1"}],"replies":[{"embeddable":true,"href":"https:\/\/www.christine-prause.de\/blog\/index.php?rest_route=%2Fwp%2Fv2%2Fcomments&post=3425"}],"version-history":[{"count":8,"href":"https:\/\/www.christine-prause.de\/blog\/index.php?rest_route=\/wp\/v2\/pages\/3425\/revisions"}],"predecessor-version":[{"id":3440,"href":"https:\/\/www.christine-prause.de\/blog\/index.php?rest_route=\/wp\/v2\/pages\/3425\/revisions\/3440"}],"up":[{"embeddable":true,"href":"https:\/\/www.christine-prause.de\/blog\/index.php?rest_route=\/wp\/v2\/pages\/2121"}],"wp:attachment":[{"href":"https:\/\/www.christine-prause.de\/blog\/index.php?rest_route=%2Fwp%2Fv2%2Fmedia&parent=3425"}],"curies":[{"name":"wp","href":"https:\/\/api.w.org\/{rel}","templated":true}]}}