{"id":488,"date":"2016-07-08T08:57:35","date_gmt":"2016-07-08T08:57:35","guid":{"rendered":"http:\/\/www.christine-prause.de\/blog\/?page_id=488"},"modified":"2025-11-26T20:28:24","modified_gmt":"2025-11-26T18:28:24","slug":"auf-leinwand","status":"publish","type":"page","link":"https:\/\/www.christine-prause.de\/blog\/?page_id=488","title":{"rendered":"Spachtelbilder"},"content":{"rendered":"<p><a href=\"https:\/\/www.christine-prause.de\/blog\/wp-content\/uploads\/2016\/07\/DR02335.jpg\"><img loading=\"lazy\" decoding=\"async\" class=\"alignnone size-full wp-image-2837\" title=\"DR02335\" src=\"https:\/\/www.christine-prause.de\/blog\/wp-content\/uploads\/2016\/07\/DR02335.jpg\" alt=\"\" width=\"1024\" height=\"874\" srcset=\"https:\/\/www.christine-prause.de\/blog\/wp-content\/uploads\/2016\/07\/DR02335.jpg 1024w, https:\/\/www.christine-prause.de\/blog\/wp-content\/uploads\/2016\/07\/DR02335-300x256.jpg 300w, https:\/\/www.christine-prause.de\/blog\/wp-content\/uploads\/2016\/07\/DR02335-351x300.jpg 351w\" sizes=\"auto, (max-width: 1024px) 100vw, 1024px\" \/><\/a><\/p>\n<p>Pool &#8211; 2006 &#8211; 60&#215;70 cm<\/p>\n<p><a href=\"https:\/\/www.christine-prause.de\/blog\/wp-content\/uploads\/2016\/07\/Kuba-DSCN7321b_k.jpg\"><img loading=\"lazy\" decoding=\"async\" class=\"alignnone size-full wp-image-661\" title=\"Kuba-DSCN7321b_k\" src=\"https:\/\/www.christine-prause.de\/blog\/wp-content\/uploads\/2016\/07\/Kuba-DSCN7321b_k.jpg\" alt=\"\" width=\"1024\" height=\"1024\" srcset=\"https:\/\/www.christine-prause.de\/blog\/wp-content\/uploads\/2016\/07\/Kuba-DSCN7321b_k.jpg 1024w, https:\/\/www.christine-prause.de\/blog\/wp-content\/uploads\/2016\/07\/Kuba-DSCN7321b_k-150x150.jpg 150w, https:\/\/www.christine-prause.de\/blog\/wp-content\/uploads\/2016\/07\/Kuba-DSCN7321b_k-300x300.jpg 300w\" sizes=\"auto, (max-width: 1024px) 100vw, 1024px\" \/><\/a><\/p>\n<p>Gr\u00fcnes Auto &#8211; 2007 &#8211; 200&#215;200 cm<\/p>\n<p><a href=\"https:\/\/www.christine-prause.de\/blog\/wp-content\/uploads\/2016\/09\/Kuba4_2005.jpg\"><img loading=\"lazy\" decoding=\"async\" class=\"alignnone size-full wp-image-644\" title=\"Kuba4_2005\" src=\"https:\/\/www.christine-prause.de\/blog\/wp-content\/uploads\/2016\/09\/Kuba4_2005.jpg\" alt=\"\" width=\"1024\" height=\"799\" srcset=\"https:\/\/www.christine-prause.de\/blog\/wp-content\/uploads\/2016\/09\/Kuba4_2005.jpg 1024w, https:\/\/www.christine-prause.de\/blog\/wp-content\/uploads\/2016\/09\/Kuba4_2005-300x234.jpg 300w, https:\/\/www.christine-prause.de\/blog\/wp-content\/uploads\/2016\/09\/Kuba4_2005-384x300.jpg 384w\" sizes=\"auto, (max-width: 1024px) 100vw, 1024px\" \/><\/a><\/p>\n<p>Ohne Titel &#8211; 2006 &#8211; 140&#215;180 cm<\/p>\n<p><a href=\"https:\/\/www.christine-prause.de\/blog\/wp-content\/uploads\/2012\/09\/Strasse_111.jpg\"><img loading=\"lazy\" decoding=\"async\" class=\"alignnone  wp-image-95\" title=\"Strasse_11\" src=\"https:\/\/www.christine-prause.de\/blog\/wp-content\/uploads\/2012\/09\/Strasse_111.jpg\" alt=\"\" width=\"1024\" height=\"850\" srcset=\"https:\/\/www.christine-prause.de\/blog\/wp-content\/uploads\/2012\/09\/Strasse_111.jpg 1024w, https:\/\/www.christine-prause.de\/blog\/wp-content\/uploads\/2012\/09\/Strasse_111-300x249.jpg 300w, https:\/\/www.christine-prause.de\/blog\/wp-content\/uploads\/2012\/09\/Strasse_111-361x300.jpg 361w\" sizes=\"auto, (max-width: 1024px) 100vw, 1024px\" \/><\/a><\/p>\n<p>Stra\u00dfe &#8211; 2011 &#8211; 100&#215;120 cm<\/p>\n<p><a href=\"https:\/\/www.christine-prause.de\/blog\/wp-content\/uploads\/2016\/07\/Pool_2007_CF009152.jpg\"><img loading=\"lazy\" decoding=\"async\" class=\"wp-image-738 alignnone\" title=\"Pool_2007_CF009152\" src=\"https:\/\/www.christine-prause.de\/blog\/wp-content\/uploads\/2016\/07\/Pool_2007_CF009152.jpg\" alt=\"\" width=\"1024\" height=\"1021\" srcset=\"https:\/\/www.christine-prause.de\/blog\/wp-content\/uploads\/2016\/07\/Pool_2007_CF009152.jpg 1024w, https:\/\/www.christine-prause.de\/blog\/wp-content\/uploads\/2016\/07\/Pool_2007_CF009152-150x150.jpg 150w, https:\/\/www.christine-prause.de\/blog\/wp-content\/uploads\/2016\/07\/Pool_2007_CF009152-300x300.jpg 300w\" sizes=\"auto, (max-width: 1024px) 100vw, 1024px\" \/><\/a><\/p>\n<p>Terrasse &#8211; 2007 &#8211; 200&#215;200 cm<\/p>\n<p><a href=\"https:\/\/www.christine-prause.de\/blog\/wp-content\/uploads\/2016\/07\/Stra\u00dfe_HD00-7493_8bit_srgb.jpg\"><img loading=\"lazy\" decoding=\"async\" class=\"wp-image-740 alignnone\" title=\"Stra\u00dfe_HD00-7493_8bit_srgb\" src=\"https:\/\/www.christine-prause.de\/blog\/wp-content\/uploads\/2016\/07\/Stra\u00dfe_HD00-7493_8bit_srgb.jpg\" alt=\"\" width=\"1024\" height=\"1024\" srcset=\"https:\/\/www.christine-prause.de\/blog\/wp-content\/uploads\/2016\/07\/Stra\u00dfe_HD00-7493_8bit_srgb.jpg 1024w, https:\/\/www.christine-prause.de\/blog\/wp-content\/uploads\/2016\/07\/Stra\u00dfe_HD00-7493_8bit_srgb-150x150.jpg 150w, https:\/\/www.christine-prause.de\/blog\/wp-content\/uploads\/2016\/07\/Stra\u00dfe_HD00-7493_8bit_srgb-300x300.jpg 300w\" sizes=\"auto, (max-width: 1024px) 100vw, 1024px\" \/><\/a><\/p>\n<p>Stra\u00dfe &#8211; 2007 &#8211; 200&#215;200 cm<\/p>\n<p><a href=\"https:\/\/www.christine-prause.de\/blog\/?attachment_id=2828\" rel=\"attachment wp-att-2828\"><img loading=\"lazy\" decoding=\"async\" class=\"alignnone size-full wp-image-2828\" src=\"https:\/\/www.christine-prause.de\/blog\/wp-content\/uploads\/2016\/07\/Hotel.jpg\" alt=\"\" width=\"1024\" height=\"1040\" srcset=\"https:\/\/www.christine-prause.de\/blog\/wp-content\/uploads\/2016\/07\/Hotel.jpg 1024w, https:\/\/www.christine-prause.de\/blog\/wp-content\/uploads\/2016\/07\/Hotel-295x300.jpg 295w, https:\/\/www.christine-prause.de\/blog\/wp-content\/uploads\/2016\/07\/Hotel-1008x1024.jpg 1008w\" sizes=\"auto, (max-width: 1024px) 100vw, 1024px\" \/><\/a><\/p>\n<p>Hotel &#8211; 2007 &#8211; 200&#215;200 cm<\/p>\n<p><a href=\"https:\/\/www.christine-prause.de\/blog\/?attachment_id=733\" rel=\"attachment wp-att-733\"><img loading=\"lazy\" decoding=\"async\" class=\"alignnone size-full wp-image-733\" src=\"https:\/\/www.christine-prause.de\/blog\/wp-content\/uploads\/2016\/07\/Bar_2007_HD00-8838.jpg\" alt=\"\" width=\"1024\" height=\"1023\" srcset=\"https:\/\/www.christine-prause.de\/blog\/wp-content\/uploads\/2016\/07\/Bar_2007_HD00-8838.jpg 1024w, https:\/\/www.christine-prause.de\/blog\/wp-content\/uploads\/2016\/07\/Bar_2007_HD00-8838-150x150.jpg 150w, https:\/\/www.christine-prause.de\/blog\/wp-content\/uploads\/2016\/07\/Bar_2007_HD00-8838-300x300.jpg 300w\" sizes=\"auto, (max-width: 1024px) 100vw, 1024px\" \/><\/a><\/p>\n<p>Bar &#8211; 2007 &#8211; 200&#215;200 cm<\/p>\n<p><a href=\"https:\/\/www.christine-prause.de\/blog\/?attachment_id=667\" rel=\"attachment wp-att-667\"><img loading=\"lazy\" decoding=\"async\" class=\"alignnone size-full wp-image-667\" src=\"https:\/\/www.christine-prause.de\/blog\/wp-content\/uploads\/2016\/07\/Kuba-Rotes-Auto-k.jpg\" alt=\"\" width=\"1024\" height=\"1019\" srcset=\"https:\/\/www.christine-prause.de\/blog\/wp-content\/uploads\/2016\/07\/Kuba-Rotes-Auto-k.jpg 1024w, https:\/\/www.christine-prause.de\/blog\/wp-content\/uploads\/2016\/07\/Kuba-Rotes-Auto-k-150x150.jpg 150w, https:\/\/www.christine-prause.de\/blog\/wp-content\/uploads\/2016\/07\/Kuba-Rotes-Auto-k-300x298.jpg 300w, https:\/\/www.christine-prause.de\/blog\/wp-content\/uploads\/2016\/07\/Kuba-Rotes-Auto-k-301x300.jpg 301w\" sizes=\"auto, (max-width: 1024px) 100vw, 1024px\" \/><\/a><\/p>\n<p>Rotes Auto &#8211; 2007 &#8211; 200&#215;200 cm<\/p>\n<p><a href=\"https:\/\/www.christine-prause.de\/blog\/?attachment_id=2839\" rel=\"attachment wp-att-2839\"><img loading=\"lazy\" decoding=\"async\" class=\"alignnone size-full wp-image-2839\" src=\"https:\/\/www.christine-prause.de\/blog\/wp-content\/uploads\/2016\/07\/Matanzas.jpg\" alt=\"\" width=\"1024\" height=\"1029\" srcset=\"https:\/\/www.christine-prause.de\/blog\/wp-content\/uploads\/2016\/07\/Matanzas.jpg 1024w, https:\/\/www.christine-prause.de\/blog\/wp-content\/uploads\/2016\/07\/Matanzas-150x150.jpg 150w, https:\/\/www.christine-prause.de\/blog\/wp-content\/uploads\/2016\/07\/Matanzas-298x300.jpg 298w, https:\/\/www.christine-prause.de\/blog\/wp-content\/uploads\/2016\/07\/Matanzas-1019x1024.jpg 1019w\" sizes=\"auto, (max-width: 1024px) 100vw, 1024px\" \/><\/a><\/p>\n<p>Matanzas &#8211; 2007 &#8211; 200&#215;200 cm<\/p>\n<p><a href=\"https:\/\/www.christine-prause.de\/blog\/?attachment_id=2834\" rel=\"attachment wp-att-2834\"><img loading=\"lazy\" decoding=\"async\" class=\"alignnone size-full wp-image-2834\" src=\"https:\/\/www.christine-prause.de\/blog\/wp-content\/uploads\/2016\/07\/DR02333.jpg\" alt=\"\" width=\"1024\" height=\"1203\" srcset=\"https:\/\/www.christine-prause.de\/blog\/wp-content\/uploads\/2016\/07\/DR02333.jpg 1024w, https:\/\/www.christine-prause.de\/blog\/wp-content\/uploads\/2016\/07\/DR02333-255x300.jpg 255w, https:\/\/www.christine-prause.de\/blog\/wp-content\/uploads\/2016\/07\/DR02333-871x1024.jpg 871w\" sizes=\"auto, (max-width: 1024px) 100vw, 1024px\" \/><\/a><\/p>\n<p>Trompeter 2 &#8211; 2006 &#8211; 70&#215;60 cm<\/p>\n<p><a href=\"https:\/\/www.christine-prause.de\/blog\/?attachment_id=3576\" rel=\"attachment wp-att-3576\"><img loading=\"lazy\" decoding=\"async\" class=\"alignnone size-full wp-image-3576\" src=\"https:\/\/www.christine-prause.de\/blog\/wp-content\/uploads\/2025\/11\/Trompeter_2006.jpeg\" alt=\"\" width=\"1024\" height=\"1199\" srcset=\"https:\/\/www.christine-prause.de\/blog\/wp-content\/uploads\/2025\/11\/Trompeter_2006.jpeg 1024w, https:\/\/www.christine-prause.de\/blog\/wp-content\/uploads\/2025\/11\/Trompeter_2006-256x300.jpeg 256w, https:\/\/www.christine-prause.de\/blog\/wp-content\/uploads\/2025\/11\/Trompeter_2006-875x1024.jpeg 875w, https:\/\/www.christine-prause.de\/blog\/wp-content\/uploads\/2025\/11\/Trompeter_2006-768x899.jpeg 768w\" sizes=\"auto, (max-width: 1024px) 100vw, 1024px\" \/><\/a><\/p>\n<p>Trompeter 1 &#8211; 2006 &#8211; 70&#215;60 cm<\/p>\n<p><a href=\"https:\/\/www.christine-prause.de\/blog\/wp-content\/uploads\/2016\/07\/Cafe_2015-DR3_8360.jpg\"><img loading=\"lazy\" decoding=\"async\" class=\"alignnone size-full wp-image-2958\" title=\"Cafe_2015-DR3_8360\" src=\"https:\/\/www.christine-prause.de\/blog\/wp-content\/uploads\/2016\/07\/Cafe_2015-DR3_8360.jpg\" alt=\"\" width=\"1024\" height=\"799\" srcset=\"https:\/\/www.christine-prause.de\/blog\/wp-content\/uploads\/2016\/07\/Cafe_2015-DR3_8360.jpg 1024w, https:\/\/www.christine-prause.de\/blog\/wp-content\/uploads\/2016\/07\/Cafe_2015-DR3_8360-300x234.jpg 300w, https:\/\/www.christine-prause.de\/blog\/wp-content\/uploads\/2016\/07\/Cafe_2015-DR3_8360-384x300.jpg 384w\" sizes=\"auto, (max-width: 1024px) 100vw, 1024px\" \/><\/a><\/p>\n<p>Cafe &#8211; 2015 &#8211; 110&#215;140 cm<\/p>\n<p><a href=\"https:\/\/www.christine-prause.de\/blog\/wp-content\/uploads\/2016\/07\/N.Y_2015_90x135cm_DR3_83531.jpg\"><img loading=\"lazy\" decoding=\"async\" class=\"alignnone size-full wp-image-2961\" title=\"N.Y_2015_90x135cm_DR3_8353\" src=\"https:\/\/www.christine-prause.de\/blog\/wp-content\/uploads\/2016\/07\/N.Y_2015_90x135cm_DR3_83531.jpg\" alt=\"\" width=\"1024\" height=\"677\" srcset=\"https:\/\/www.christine-prause.de\/blog\/wp-content\/uploads\/2016\/07\/N.Y_2015_90x135cm_DR3_83531.jpg 1024w, https:\/\/www.christine-prause.de\/blog\/wp-content\/uploads\/2016\/07\/N.Y_2015_90x135cm_DR3_83531-300x198.jpg 300w, https:\/\/www.christine-prause.de\/blog\/wp-content\/uploads\/2016\/07\/N.Y_2015_90x135cm_DR3_83531-453x300.jpg 453w\" sizes=\"auto, (max-width: 1024px) 100vw, 1024px\" \/><\/a><\/p>\n<p>N.Y. &#8211; 2015 &#8211; 90&#215;135 cm<\/p>\n<p><a href=\"https:\/\/www.christine-prause.de\/blog\/wp-content\/uploads\/2016\/07\/Terrasse.jpg\"><img loading=\"lazy\" decoding=\"async\" class=\"alignnone size-full wp-image-2840\" title=\"Terrasse\" src=\"https:\/\/www.christine-prause.de\/blog\/wp-content\/uploads\/2016\/07\/Terrasse.jpg\" alt=\"\" width=\"1024\" height=\"793\" srcset=\"https:\/\/www.christine-prause.de\/blog\/wp-content\/uploads\/2016\/07\/Terrasse.jpg 1024w, https:\/\/www.christine-prause.de\/blog\/wp-content\/uploads\/2016\/07\/Terrasse-300x232.jpg 300w, https:\/\/www.christine-prause.de\/blog\/wp-content\/uploads\/2016\/07\/Terrasse-387x300.jpg 387w\" sizes=\"auto, (max-width: 1024px) 100vw, 1024px\" \/><\/a><\/p>\n<p>Terrasse 2 &#8211; 2006 &#8211; 140&#215;180 cm<\/p>\n<p><a href=\"https:\/\/www.christine-prause.de\/blog\/wp-content\/uploads\/2016\/07\/Terrasse_2005_140x180cm_DSCN2914.jpg\"><img loading=\"lazy\" decoding=\"async\" class=\"alignnone size-full wp-image-2943\" title=\"Terrasse_2005_140x180cm_DSCN2914\" src=\"https:\/\/www.christine-prause.de\/blog\/wp-content\/uploads\/2016\/07\/Terrasse_2005_140x180cm_DSCN2914.jpg\" alt=\"\" width=\"1024\" height=\"795\" srcset=\"https:\/\/www.christine-prause.de\/blog\/wp-content\/uploads\/2016\/07\/Terrasse_2005_140x180cm_DSCN2914.jpg 1024w, https:\/\/www.christine-prause.de\/blog\/wp-content\/uploads\/2016\/07\/Terrasse_2005_140x180cm_DSCN2914-300x232.jpg 300w, https:\/\/www.christine-prause.de\/blog\/wp-content\/uploads\/2016\/07\/Terrasse_2005_140x180cm_DSCN2914-386x300.jpg 386w\" sizes=\"auto, (max-width: 1024px) 100vw, 1024px\" \/><\/a><\/p>\n<p>Terrasse 1 &#8211; 2005 &#8211; 140&#215;180 cm<\/p>\n<p><a href=\"https:\/\/www.christine-prause.de\/blog\/wp-content\/uploads\/2012\/10\/Strasse.jpg\"><img loading=\"lazy\" decoding=\"async\" class=\"alignnone size-full wp-image-142\" title=\"Strasse_klein\" src=\"https:\/\/www.christine-prause.de\/blog\/wp-content\/uploads\/2012\/10\/Strasse.jpg\" alt=\"\" width=\"1024\" height=\"877\" srcset=\"https:\/\/www.christine-prause.de\/blog\/wp-content\/uploads\/2012\/10\/Strasse.jpg 1024w, https:\/\/www.christine-prause.de\/blog\/wp-content\/uploads\/2012\/10\/Strasse-300x256.jpg 300w, https:\/\/www.christine-prause.de\/blog\/wp-content\/uploads\/2012\/10\/Strasse-350x300.jpg 350w\" sizes=\"auto, (max-width: 1024px) 100vw, 1024px\" \/><\/a><\/p>\n<p>Stra\u00dfe, Detail &#8211; 2007 &#8211; 60&#215;70 cm<\/p>\n<p><a href=\"https:\/\/www.christine-prause.de\/blog\/wp-content\/uploads\/2016\/07\/habana.jpg\"><img loading=\"lazy\" decoding=\"async\" class=\"alignnone size-full wp-image-2827\" title=\"habana\" src=\"https:\/\/www.christine-prause.de\/blog\/wp-content\/uploads\/2016\/07\/habana.jpg\" alt=\"\" width=\"1024\" height=\"775\" srcset=\"https:\/\/www.christine-prause.de\/blog\/wp-content\/uploads\/2016\/07\/habana.jpg 1024w, https:\/\/www.christine-prause.de\/blog\/wp-content\/uploads\/2016\/07\/habana-300x227.jpg 300w, https:\/\/www.christine-prause.de\/blog\/wp-content\/uploads\/2016\/07\/habana-396x300.jpg 396w\" sizes=\"auto, (max-width: 1024px) 100vw, 1024px\" \/><\/a><\/p>\n<p>Kuba Dachterrasse &#8211; 2005 &#8211; 160&#215;200 cm<\/p>\n<p><a href=\"https:\/\/www.christine-prause.de\/blog\/?attachment_id=3577\" rel=\"attachment wp-att-3577\"><img loading=\"lazy\" decoding=\"async\" class=\"alignnone size-full wp-image-3577\" src=\"https:\/\/www.christine-prause.de\/blog\/wp-content\/uploads\/2025\/11\/IMG_7534.jpg\" alt=\"\" width=\"1024\" height=\"759\" srcset=\"https:\/\/www.christine-prause.de\/blog\/wp-content\/uploads\/2025\/11\/IMG_7534.jpg 1024w, https:\/\/www.christine-prause.de\/blog\/wp-content\/uploads\/2025\/11\/IMG_7534-300x222.jpg 300w, https:\/\/www.christine-prause.de\/blog\/wp-content\/uploads\/2025\/11\/IMG_7534-768x569.jpg 768w, https:\/\/www.christine-prause.de\/blog\/wp-content\/uploads\/2025\/11\/IMG_7534-405x300.jpg 405w\" sizes=\"auto, (max-width: 1024px) 100vw, 1024px\" \/><\/a><\/p>\n<p>Nieper Gruppe 2 &#8211; 2005 &#8211; 100&#215;135 cm<\/p>\n<p><a href=\"https:\/\/www.christine-prause.de\/blog\/wp-content\/uploads\/2016\/07\/Nieper-Gruppe_2005_135x100cm2.jpg\"><img loading=\"lazy\" decoding=\"async\" class=\"alignnone size-full wp-image-2965\" title=\"Nieper Gruppe_2005_135x100cm\" src=\"https:\/\/www.christine-prause.de\/blog\/wp-content\/uploads\/2016\/07\/Nieper-Gruppe_2005_135x100cm2.jpg\" alt=\"\" width=\"731\" height=\"1024\" srcset=\"https:\/\/www.christine-prause.de\/blog\/wp-content\/uploads\/2016\/07\/Nieper-Gruppe_2005_135x100cm2.jpg 731w, https:\/\/www.christine-prause.de\/blog\/wp-content\/uploads\/2016\/07\/Nieper-Gruppe_2005_135x100cm2-214x300.jpg 214w\" sizes=\"auto, (max-width: 731px) 100vw, 731px\" \/><\/a><\/p>\n<p>Nieper Gruppe 1 &#8211; 2005 &#8211; 135&#215;100 cm<\/p>\n\n\n<p><\/p>\n","protected":false},"excerpt":{"rendered":"<p>Pool &#8211; 2006 &#8211; 60&#215;70 cm Gr\u00fcnes Auto &#8211; 2007 &#8211; 200&#215;200 cm Ohne Titel &#8211; 2006 &#8211; 140&#215;180 cm Stra\u00dfe &#8211; 2011 &#8211; 100&#215;120 cm Terrasse &#8211; 2007 &#8211; 200&#215;200 cm Stra\u00dfe &#8211; 2007 &#8211; 200&#215;200 cm Hotel &#8211; &hellip; <a href=\"https:\/\/www.christine-prause.de\/blog\/?page_id=488\">Weiterlesen <span class=\"meta-nav\">&rarr;<\/span><\/a><\/p>\n","protected":false},"author":1,"featured_media":0,"parent":482,"menu_order":4,"comment_status":"closed","ping_status":"closed","template":"","meta":{"footnotes":""},"class_list":["post-488","page","type-page","status-publish","hentry"],"_links":{"self":[{"href":"https:\/\/www.christine-prause.de\/blog\/index.php?rest_route=\/wp\/v2\/pages\/488","targetHints":{"allow":["GET"]}}],"collection":[{"href":"https:\/\/www.christine-prause.de\/blog\/index.php?rest_route=\/wp\/v2\/pages"}],"about":[{"href":"https:\/\/www.christine-prause.de\/blog\/index.php?rest_route=\/wp\/v2\/types\/page"}],"author":[{"embeddable":true,"href":"https:\/\/www.christine-prause.de\/blog\/index.php?rest_route=\/wp\/v2\/users\/1"}],"replies":[{"embeddable":true,"href":"https:\/\/www.christine-prause.de\/blog\/index.php?rest_route=%2Fwp%2Fv2%2Fcomments&post=488"}],"version-history":[{"count":142,"href":"https:\/\/www.christine-prause.de\/blog\/index.php?rest_route=\/wp\/v2\/pages\/488\/revisions"}],"predecessor-version":[{"id":3579,"href":"https:\/\/www.christine-prause.de\/blog\/index.php?rest_route=\/wp\/v2\/pages\/488\/revisions\/3579"}],"up":[{"embeddable":true,"href":"https:\/\/www.christine-prause.de\/blog\/index.php?rest_route=\/wp\/v2\/pages\/482"}],"wp:attachment":[{"href":"https:\/\/www.christine-prause.de\/blog\/index.php?rest_route=%2Fwp%2Fv2%2Fmedia&parent=488"}],"curies":[{"name":"wp","href":"https:\/\/api.w.org\/{rel}","templated":true}]}}