{"id":514,"date":"2016-07-08T09:33:11","date_gmt":"2016-07-08T09:33:11","guid":{"rendered":"http:\/\/www.christine-prause.de\/blog\/?page_id=514"},"modified":"2025-02-24T10:22:51","modified_gmt":"2025-02-24T10:22:51","slug":"vita-2","status":"publish","type":"page","link":"https:\/\/www.christine-prause.de\/blog\/?page_id=514","title":{"rendered":"Vita"},"content":{"rendered":"<p>1954 \u00a0in Essen geboren<br \/>\n1972-81 \u00a0Studium der Kunst und Kunstwissenschaft, Staatl. Kunstakademie D\u00fcsseldorf<br \/>\n1981\/1983 \u00a01.\/2. Staatsexamen<br \/>\n1983-86\u00a0 Kunsterzieherin am Norbert-Gymnasium Dormagen-Knechtsteden<br \/>\n1995\u00a0 Lithografie in der Druckerei K\u00e4telh\u00f6n, Wamel am M\u00f6hnesee<br \/>\n1999\u00a0 Lithografische Arbeiten in der Druckerei K\u00e4telh\u00f6n, Wamel am M\u00f6hnesee<br \/>\n2003-2007\u00a0 Dozentin an der Akademie f\u00fcr Bildende Kunst Vulkaneifel<br \/>\n2004\/13\/17\u00a0 Arbeitsaufenthalt an der Cit\u00e9 Internationale des Arts, Paris<br \/>\n2008\u00a0 Arbeitsaufenthalt Atelier K., Miribel, Savoyen<br \/>\nab 2009\u00a0 Auftragsarbeiten f\u00fcr die Schiffe von AIDACruises<\/p>\n<p>Mitglied der GKK seit 2002, Mitarbeit im Vorstand seit 2005, Vorsitzende 2015-19<br \/>\nMitglied im Verein der D\u00fcsseldorfer K\u00fcnstler VdDK seit 2004<\/p>\n","protected":false},"excerpt":{"rendered":"<p>1954 \u00a0in Essen geboren 1972-81 \u00a0Studium der Kunst und Kunstwissenschaft, Staatl. Kunstakademie D\u00fcsseldorf 1981\/1983 \u00a01.\/2. Staatsexamen 1983-86\u00a0 Kunsterzieherin am Norbert-Gymnasium Dormagen-Knechtsteden 1995\u00a0 Lithografie in der Druckerei K\u00e4telh\u00f6n, Wamel am M\u00f6hnesee 1999\u00a0 Lithografische Arbeiten in der Druckerei K\u00e4telh\u00f6n, Wamel am M\u00f6hnesee &hellip; <a href=\"https:\/\/www.christine-prause.de\/blog\/?page_id=514\">Weiterlesen <span class=\"meta-nav\">&rarr;<\/span><\/a><\/p>\n","protected":false},"author":1,"featured_media":0,"parent":2121,"menu_order":1,"comment_status":"closed","ping_status":"closed","template":"","meta":{"footnotes":""},"class_list":["post-514","page","type-page","status-publish","hentry"],"_links":{"self":[{"href":"https:\/\/www.christine-prause.de\/blog\/index.php?rest_route=\/wp\/v2\/pages\/514","targetHints":{"allow":["GET"]}}],"collection":[{"href":"https:\/\/www.christine-prause.de\/blog\/index.php?rest_route=\/wp\/v2\/pages"}],"about":[{"href":"https:\/\/www.christine-prause.de\/blog\/index.php?rest_route=\/wp\/v2\/types\/page"}],"author":[{"embeddable":true,"href":"https:\/\/www.christine-prause.de\/blog\/index.php?rest_route=\/wp\/v2\/users\/1"}],"replies":[{"embeddable":true,"href":"https:\/\/www.christine-prause.de\/blog\/index.php?rest_route=%2Fwp%2Fv2%2Fcomments&post=514"}],"version-history":[{"count":154,"href":"https:\/\/www.christine-prause.de\/blog\/index.php?rest_route=\/wp\/v2\/pages\/514\/revisions"}],"predecessor-version":[{"id":534,"href":"https:\/\/www.christine-prause.de\/blog\/index.php?rest_route=\/wp\/v2\/pages\/514\/revisions\/534"}],"up":[{"embeddable":true,"href":"https:\/\/www.christine-prause.de\/blog\/index.php?rest_route=\/wp\/v2\/pages\/2121"}],"wp:attachment":[{"href":"https:\/\/www.christine-prause.de\/blog\/index.php?rest_route=%2Fwp%2Fv2%2Fmedia&parent=514"}],"curies":[{"name":"wp","href":"https:\/\/api.w.org\/{rel}","templated":true}]}}